{"id":301,"date":"2019-02-27T20:39:13","date_gmt":"2019-02-27T20:39:13","guid":{"rendered":"http:\/\/ingenieurbuero-kurock.de\/?page_id=301"},"modified":"2019-02-28T19:38:16","modified_gmt":"2019-02-28T19:38:16","slug":"kunden","status":"publish","type":"page","link":"https:\/\/ingenieurbuero-kurock.de\/?page_id=301","title":{"rendered":"Kunden"},"content":{"rendered":"<div\n\t\t\t\n\t\t\tclass=\"so-widget-sow-accordion so-widget-sow-accordion-default-61127b2c0e54\"\n\t\t\t\n\t\t><div>\n\t<div class=\"sow-accordion\">\n\t\t\t<div class=\"sow-accordion-panel\n\t\t\t\t\"\n\t\t\tdata-anchor-id=\"oeffentliche-auftraggeber\">\n\t\t\t\t<div class=\"sow-accordion-panel-header-container\" role=\"heading\" aria-level=\"2\">\n\t\t\t\t\t<div class=\"sow-accordion-panel-header\" tabindex=\"0\" role=\"button\" id=\"accordion-label-%c3%b6ffentliche-auftraggeber\" aria-controls=\"accordion-content-%c3%b6ffentliche-auftraggeber\" aria-expanded=\"false\">\n\t\t\t\t\t\t<div class=\"sow-accordion-title sow-accordion-title-icon-left\">\n\t\t\t\t\t\t\t\t\t\t\t\t\t\t\u00d6ffentliche Auftraggeber\t\t\t\t\t\t\t\t\t\t\t\t\t<\/div>\n\t\t\t\t\t\t<div class=\"sow-accordion-open-close-button\">\n\t\t\t\t\t\t\t<div class=\"sow-accordion-open-button\">\n\t\t\t\t\t\t\t\t<span class=\"sow-icon-ionicons\" data-sow-icon=\"&#xf218;\"\n\t\t \n\t\taria-hidden=\"true\"><\/span>\t\t\t\t\t\t\t<\/div>\n\t\t\t\t\t\t\t<div class=\"sow-accordion-close-button\">\n\t\t\t\t\t\t\t\t<span class=\"sow-icon-ionicons\" data-sow-icon=\"&#xf209;\"\n\t\t \n\t\taria-hidden=\"true\"><\/span>\t\t\t\t\t\t\t<\/div>\n\t\t\t\t\t\t<\/div>\n\t\t\t\t\t<\/div>\n\t\t\t\t<\/div>\n\n\t\t\t<div\n\t\t\t\tclass=\"sow-accordion-panel-content\"\n\t\t\t\trole=\"region\"\n\t\t\t\taria-labelledby=\"accordion-label-%c3%b6ffentliche-auftraggeber\"\n\t\t\t\tid=\"accordion-content-%c3%b6ffentliche-auftraggeber\"\n\t\t\t\tstyle=\"display: none;\"\t\t\t>\n\t\t\t\t<div class=\"sow-accordion-panel-border\">\n\t\t\t\t\t<p>Wir beraten, planen und bauen f\u00fcr die \u00d6ffentliche Hand, Bauunternehmen, Architekten und Ingenieurb\u00fcros sowie Industriebetriebe.<\/p>\n<ul id=\"mce_22\" class=\"editor-rich-text__tinymce mce-content-body\" role=\"textbox\" aria-label=\"Schreibe eine Liste\u2026\" data-is-placeholder-visible=\"false\">\n<li>Beratung<\/li>\n<li>Planung<\/li>\n<li>Ausschreibung und Vorbereitung der Vergabe<\/li>\n<li>Projektleitung<\/li>\n<li>Projektsteuerung<\/li>\n<li>Claimmanagement und Nachtragsabwehr<\/li>\n<li>Aufmass und Abrechnung<\/li>\n<\/ul>\n<p>erbringen wir f\u00fcr<\/p>\n<ul id=\"mce_18\" class=\"editor-rich-text__tinymce mce-content-body\" role=\"textbox\" aria-label=\"Schreibe eine Liste\u2026\" data-is-placeholder-visible=\"false\">\n<li>St\u00e4dte und Gemeinden<\/li>\n<li>Kreisstra\u00dfenbau\u00e4mter<\/li>\n<li>Stra\u00dfenbau\u00e4mter der L\u00e4nder<\/li>\n<li>Autobahn\u00e4mter<\/li>\n<li>Deutsche Bahn Station&amp;Service AG<\/li>\n<\/ul>\n\t\t\t\t<\/div>\n\t\t\t<\/div>\n\t\t<\/div>\n\t\t\t<div class=\"sow-accordion-panel\n\t\t\t\t\"\n\t\t\tdata-anchor-id=\"private-auftraggeber\">\n\t\t\t\t<div class=\"sow-accordion-panel-header-container\" role=\"heading\" aria-level=\"2\">\n\t\t\t\t\t<div class=\"sow-accordion-panel-header\" tabindex=\"0\" role=\"button\" id=\"accordion-label-private-auftraggeber\" aria-controls=\"accordion-content-private-auftraggeber\" aria-expanded=\"false\">\n\t\t\t\t\t\t<div class=\"sow-accordion-title sow-accordion-title-icon-left\">\n\t\t\t\t\t\t\t\t\t\t\t\t\t\tPrivate Auftraggeber\t\t\t\t\t\t\t\t\t\t\t\t\t<\/div>\n\t\t\t\t\t\t<div class=\"sow-accordion-open-close-button\">\n\t\t\t\t\t\t\t<div class=\"sow-accordion-open-button\">\n\t\t\t\t\t\t\t\t<span class=\"sow-icon-ionicons\" data-sow-icon=\"&#xf218;\"\n\t\t \n\t\taria-hidden=\"true\"><\/span>\t\t\t\t\t\t\t<\/div>\n\t\t\t\t\t\t\t<div class=\"sow-accordion-close-button\">\n\t\t\t\t\t\t\t\t<span class=\"sow-icon-ionicons\" data-sow-icon=\"&#xf209;\"\n\t\t \n\t\taria-hidden=\"true\"><\/span>\t\t\t\t\t\t\t<\/div>\n\t\t\t\t\t\t<\/div>\n\t\t\t\t\t<\/div>\n\t\t\t\t<\/div>\n\n\t\t\t<div\n\t\t\t\tclass=\"sow-accordion-panel-content\"\n\t\t\t\trole=\"region\"\n\t\t\t\taria-labelledby=\"accordion-label-private-auftraggeber\"\n\t\t\t\tid=\"accordion-content-private-auftraggeber\"\n\t\t\t\tstyle=\"display: none;\"\t\t\t>\n\t\t\t\t<div class=\"sow-accordion-panel-border\">\n\t\t\t\t\t<p>Wir unterst\u00fctzen private Auftraggeber im Baustellen- und Claimmanagement sowie auch als Interimsmanager und in schwierigen Situationen als Task Force.<\/p>\n<p>Unsere privaten Auftraggeber<\/p>\n<ul>\n<li>Baufirmen<\/li>\n<li>Architektur- und Ingenieurb\u00fcros<\/li>\n<li>Industriebetrieb<\/li>\n<\/ul>\n<p>Nehmen uns gerne in Anspruch f\u00fcr<\/p>\n<ul>\n<li>Projektleitung<\/li>\n<li>Projektsteuerung<\/li>\n<li>Kalkulation und Ausarbeitung von Sondervorschl\u00e4gen<\/li>\n<li>Auftrags- und Vertragsmanagement<\/li>\n<li>Baubetrieb und Bauablaufplanung<\/li>\n<li>Claimmanagement<\/li>\n<li>Chancen- \/ Risikobewertung<\/li>\n<li>Interimsmanagement<\/li>\n<\/ul>\n\t\t\t\t<\/div>\n\t\t\t<\/div>\n\t\t<\/div>\n\t\t\t<div class=\"sow-accordion-panel\n\t\t\t\t\"\n\t\t\tdata-anchor-id=\"sachverstaendigengutachten\">\n\t\t\t\t<div class=\"sow-accordion-panel-header-container\" role=\"heading\" aria-level=\"2\">\n\t\t\t\t\t<div class=\"sow-accordion-panel-header\" tabindex=\"0\" role=\"button\" id=\"accordion-label-sachverst%c3%a4ndigengutachten\" aria-controls=\"accordion-content-sachverst%c3%a4ndigengutachten\" aria-expanded=\"false\">\n\t\t\t\t\t\t<div class=\"sow-accordion-title sow-accordion-title-icon-left\">\n\t\t\t\t\t\t\t\t\t\t\t\t\t\tSachverst\u00e4ndigengutachten\t\t\t\t\t\t\t\t\t\t\t\t\t<\/div>\n\t\t\t\t\t\t<div class=\"sow-accordion-open-close-button\">\n\t\t\t\t\t\t\t<div class=\"sow-accordion-open-button\">\n\t\t\t\t\t\t\t\t<span class=\"sow-icon-ionicons\" data-sow-icon=\"&#xf218;\"\n\t\t \n\t\taria-hidden=\"true\"><\/span>\t\t\t\t\t\t\t<\/div>\n\t\t\t\t\t\t\t<div class=\"sow-accordion-close-button\">\n\t\t\t\t\t\t\t\t<span class=\"sow-icon-ionicons\" data-sow-icon=\"&#xf209;\"\n\t\t \n\t\taria-hidden=\"true\"><\/span>\t\t\t\t\t\t\t<\/div>\n\t\t\t\t\t\t<\/div>\n\t\t\t\t\t<\/div>\n\t\t\t\t<\/div>\n\n\t\t\t<div\n\t\t\t\tclass=\"sow-accordion-panel-content\"\n\t\t\t\trole=\"region\"\n\t\t\t\taria-labelledby=\"accordion-label-sachverst%c3%a4ndigengutachten\"\n\t\t\t\tid=\"accordion-content-sachverst%c3%a4ndigengutachten\"\n\t\t\t\tstyle=\"display: none;\"\t\t\t>\n\t\t\t\t<div class=\"sow-accordion-panel-border\">\n\t\t\t\t\t<p>Als vereidigter und \u00f6ffentlich bestellter Sachverst\u00e4ndiger im Fachbereich Stra\u00dfenbautechnik ist Dipl. Ing. J\u00fcrgen Kurock f\u00fcr<\/p>\n<ul>\n<li>Amtsgerichte<\/li>\n<li>Land- und Oberlandesgerichte<\/li>\n<li>Versicherungen<\/li>\n<li>Rechtsanw\u00e4lte<\/li>\n<li>Baufirmen<\/li>\n<li>\u00f6ffentliche Hand<\/li>\n<\/ul>\n<p>t\u00e4tig.<\/p>\n<p>Unsere Leistungen erbringen wir in Form von Beratungen, Sachverst\u00e4ndigengutachten und Beweissicherungen f\u00fcr<\/p>\n<ul>\n<li>Stra\u00dfenbau in Asphalt-, Beton- und Pflasterbauweisen<\/li>\n<li>Beweissicherungen an Oberfl\u00e4chen<\/li>\n<\/ul>\n\t\t\t\t<\/div>\n\t\t\t<\/div>\n\t\t<\/div>\n\t\t<\/div>\n<\/div>\n<\/div>","protected":false},"excerpt":{"rendered":"","protected":false},"author":2,"featured_media":0,"parent":0,"menu_order":0,"comment_status":"closed","ping_status":"closed","template":"","meta":{"_vp_format_video_url":"","_vp_image_focal_point":[],"footnotes":""},"categories":[],"tags":[],"class_list":["post-301","page","type-page","status-publish","hentry"],"_links":{"self":[{"href":"https:\/\/ingenieurbuero-kurock.de\/index.php?rest_route=\/wp\/v2\/pages\/301","targetHints":{"allow":["GET"]}}],"collection":[{"href":"https:\/\/ingenieurbuero-kurock.de\/index.php?rest_route=\/wp\/v2\/pages"}],"about":[{"href":"https:\/\/ingenieurbuero-kurock.de\/index.php?rest_route=\/wp\/v2\/types\/page"}],"author":[{"embeddable":true,"href":"https:\/\/ingenieurbuero-kurock.de\/index.php?rest_route=\/wp\/v2\/users\/2"}],"replies":[{"embeddable":true,"href":"https:\/\/ingenieurbuero-kurock.de\/index.php?rest_route=%2Fwp%2Fv2%2Fcomments&post=301"}],"version-history":[{"count":11,"href":"https:\/\/ingenieurbuero-kurock.de\/index.php?rest_route=\/wp\/v2\/pages\/301\/revisions"}],"predecessor-version":[{"id":339,"href":"https:\/\/ingenieurbuero-kurock.de\/index.php?rest_route=\/wp\/v2\/pages\/301\/revisions\/339"}],"wp:attachment":[{"href":"https:\/\/ingenieurbuero-kurock.de\/index.php?rest_route=%2Fwp%2Fv2%2Fmedia&parent=301"}],"wp:term":[{"taxonomy":"category","embeddable":true,"href":"https:\/\/ingenieurbuero-kurock.de\/index.php?rest_route=%2Fwp%2Fv2%2Fcategories&post=301"},{"taxonomy":"post_tag","embeddable":true,"href":"https:\/\/ingenieurbuero-kurock.de\/index.php?rest_route=%2Fwp%2Fv2%2Ftags&post=301"}],"curies":[{"name":"wp","href":"https:\/\/api.w.org\/{rel}","templated":true}]}}