{"id":107,"date":"2019-02-19T22:04:55","date_gmt":"2019-02-19T22:04:55","guid":{"rendered":"http:\/\/ingenieurbuero-kurock.de\/?page_id=107"},"modified":"2025-10-20T15:36:15","modified_gmt":"2025-10-20T15:36:15","slug":"impressum","status":"publish","type":"page","link":"https:\/\/ingenieurbuero-kurock.de\/?page_id=107","title":{"rendered":"Impressum"},"content":{"rendered":"\n<p><strong>Angaben gem\u00e4\u00df \u00a7 5 DDG<\/strong><\/p>\n\n\n\n<p>Ingenieurb\u00fcro Kurock <\/p>\n\n\n\n<p>Inhaber: J\u00fcrgen Kurock <\/p>\n\n\n\n<p>Im Heidekamp 18 <\/p>\n\n\n\n<p>59555 Lippstadt <\/p>\n\n\n\n<p>Deutschland<\/p>\n\n\n\n<p><\/p>\n\n\n\n<p>Telefon: 0251 9811 5726 82<\/p>\n\n\n\n<p>E-Mail: <a href=\"mailto:info@ingenieurbuero-kurock.de\">info@ingenieurbuero-kurock.de<\/a><\/p>\n\n\n\n<h3 class=\"wp-block-heading\">Berufsbezeichnung \/ Kammerzugeh\u00f6rigkeit<\/h3>\n\n\n\n<p>Berufsbezeichnung: Ingenieur (verliehen in der Bundesrepublik Deutschland) Zust\u00e4ndige Kammer: Ingenieurkammer-Bau Nordrhein-Westfalen Zollhof 2, 40221 D\u00fcsseldorf Berufsrechtliche Grundlagen: Baukammerngesetz NRW (BauKG NRW) und Ingenieurgesetz NRW (IngG NRW)<\/p>\n\n\n\n<h3 class=\"wp-block-heading\">Umsatzsteuer-Identifikationsnummer<\/h3>\n\n\n\n<p>USt-IdNr.: DE274365316<\/p>\n\n\n\n<h3 class=\"wp-block-heading\">Verantwortlich f\u00fcr den Inhalt (\u00a7 18 Abs. 2 MStV)<\/h3>\n\n\n\n<p>J\u00fcrgen Kurock <\/p>\n\n\n\n<p>Im Heidekamp 18 <\/p>\n\n\n\n<p>59555 Lippstadt<\/p>\n\n\n\n<h3 class=\"wp-block-heading\">Haftungsausschluss<\/h3>\n\n\n\n<p>Trotz sorgf\u00e4ltiger inhaltlicher Kontrolle \u00fcbernehmen wir keine Haftung f\u00fcr die Inhalte externer Links. F\u00fcr den Inhalt verlinkter Seiten sind ausschlie\u00dflich deren Betreiber verantwortlich. Alle Inhalte dieser Website wurden mit gr\u00f6\u00dfter Sorgfalt erstellt. F\u00fcr die Aktualit\u00e4t, Richtigkeit und Vollst\u00e4ndigkeit der Inhalte wird jedoch keine Gew\u00e4hr \u00fcbernommen.<\/p>\n\n\n\n<h3 class=\"wp-block-heading\">Urheberrecht<\/h3>\n\n\n\n<p>Die auf dieser Website verwendeten Texte, Fotos, Grafiken sowie sonstigen Inhalte unterliegen dem deutschen Urheberrecht. Eine Vervielf\u00e4ltigung oder Weitergabe au\u00dferhalb der urheberrechtlichen Grenzen ist ohne vorherige schriftliche Zustimmung des Rechteinhabers nicht gestattet.<\/p>\n\n\n\n<p>Stand: Oktober 2025<\/p>\n","protected":false},"excerpt":{"rendered":"<p>Angaben gem\u00e4\u00df \u00a7 5 DDG Ingenieurb\u00fcro Kurock Inhaber: J\u00fcrgen Kurock Im Heidekamp 18 59555 Lippstadt Deutschland Telefon: 0251 9811 5726 82 E-Mail: info@ingenieurbuero-kurock.de Berufsbezeichnung \/ Kammerzugeh\u00f6rigkeit Berufsbezeichnung: Ingenieur (verliehen in der Bundesrepublik Deutschland) Zust\u00e4ndige Kammer: Ingenieurkammer-Bau Nordrhein-Westfalen Zollhof 2, 40221 D\u00fcsseldorf Berufsrechtliche Grundlagen: Baukammerngesetz NRW (BauKG NRW) und Ingenieurgesetz NRW (IngG NRW) Umsatzsteuer-Identifikationsnummer USt-IdNr.: DE274365316<\/p>\n<p class=\"more-link\"><a href=\"https:\/\/ingenieurbuero-kurock.de\/?page_id=107\" class=\"themebutton\">Read More<\/a><\/p>\n","protected":false},"author":2,"featured_media":0,"parent":169,"menu_order":5,"comment_status":"closed","ping_status":"closed","template":"","meta":{"_vp_format_video_url":"","_vp_image_focal_point":[],"footnotes":""},"categories":[],"tags":[],"class_list":["post-107","page","type-page","status-publish","hentry"],"_links":{"self":[{"href":"https:\/\/ingenieurbuero-kurock.de\/index.php?rest_route=\/wp\/v2\/pages\/107","targetHints":{"allow":["GET"]}}],"collection":[{"href":"https:\/\/ingenieurbuero-kurock.de\/index.php?rest_route=\/wp\/v2\/pages"}],"about":[{"href":"https:\/\/ingenieurbuero-kurock.de\/index.php?rest_route=\/wp\/v2\/types\/page"}],"author":[{"embeddable":true,"href":"https:\/\/ingenieurbuero-kurock.de\/index.php?rest_route=\/wp\/v2\/users\/2"}],"replies":[{"embeddable":true,"href":"https:\/\/ingenieurbuero-kurock.de\/index.php?rest_route=%2Fwp%2Fv2%2Fcomments&post=107"}],"version-history":[{"count":7,"href":"https:\/\/ingenieurbuero-kurock.de\/index.php?rest_route=\/wp\/v2\/pages\/107\/revisions"}],"predecessor-version":[{"id":442,"href":"https:\/\/ingenieurbuero-kurock.de\/index.php?rest_route=\/wp\/v2\/pages\/107\/revisions\/442"}],"up":[{"embeddable":true,"href":"https:\/\/ingenieurbuero-kurock.de\/index.php?rest_route=\/wp\/v2\/pages\/169"}],"wp:attachment":[{"href":"https:\/\/ingenieurbuero-kurock.de\/index.php?rest_route=%2Fwp%2Fv2%2Fmedia&parent=107"}],"wp:term":[{"taxonomy":"category","embeddable":true,"href":"https:\/\/ingenieurbuero-kurock.de\/index.php?rest_route=%2Fwp%2Fv2%2Fcategories&post=107"},{"taxonomy":"post_tag","embeddable":true,"href":"https:\/\/ingenieurbuero-kurock.de\/index.php?rest_route=%2Fwp%2Fv2%2Ftags&post=107"}],"curies":[{"name":"wp","href":"https:\/\/api.w.org\/{rel}","templated":true}]}}