{"id":151,"date":"2019-02-20T19:38:57","date_gmt":"2019-02-20T19:38:57","guid":{"rendered":"http:\/\/ingenieurbuero-kurock.de\/?page_id=151"},"modified":"2019-02-26T22:39:18","modified_gmt":"2019-02-26T22:39:18","slug":"gutachten","status":"publish","type":"page","link":"http:\/\/ingenieurbuero-kurock.de\/?page_id=151","title":{"rendered":"Gutachten"},"content":{"rendered":"\n<h1 class=\"wp-block-heading\">Gutachten<\/h1>\n\n\n\n<div class=\"wp-block-image\"><figure class=\"aligncenter\"><img loading=\"lazy\" decoding=\"async\" width=\"424\" height=\"283\" src=\"http:\/\/ingenieurbuero-kurock.de\/wp-content\/uploads\/2019\/02\/Fotolia_25486981_XS.jpg\" alt=\"\" class=\"wp-image-248\" srcset=\"http:\/\/ingenieurbuero-kurock.de\/wp-content\/uploads\/2019\/02\/Fotolia_25486981_XS.jpg 424w, http:\/\/ingenieurbuero-kurock.de\/wp-content\/uploads\/2019\/02\/Fotolia_25486981_XS-300x200.jpg 300w, http:\/\/ingenieurbuero-kurock.de\/wp-content\/uploads\/2019\/02\/Fotolia_25486981_XS-380x254.jpg 380w, http:\/\/ingenieurbuero-kurock.de\/wp-content\/uploads\/2019\/02\/Fotolia_25486981_XS-285x190.jpg 285w\" sizes=\"auto, (max-width: 424px) 100vw, 424px\" \/><\/figure><\/div>\n\n\n\n<p><strong>Wir stehen Ihnen als Sachverst\u00e4ndiger zur Verf\u00fcgung.<\/strong><\/p>\n\n\n\n<p>Bei fachlichen Differenzen und Auseinandersetzungen nach erbrachter Bauleistung oder entstandenen Baum\u00e4ngeln stehen wir Ihnen mit hohem Sachverstand zur Verf\u00fcgung um Ihnen unparteiisch und objektiv die Fakten aufzuzeigen, die Sie ben\u00f6tigen, um sich ein Urteil \u00fcber Chancen und Risiken einer Auseinandersetzung zu erlauben und wichtige Entscheidungen zu m\u00f6glichen gerichtlichen Auseinandersetzungen objektiv treffen zu k\u00f6nnen. Sie erhalten von uns ein Sachverst\u00e4ndigengutachten, mit dem Sie gerichtsverwertbare Fakten zur Verf\u00fcgung haben, und gegebenenfalls eine gerichtliche Auseinandersetzung f\u00fchren k\u00f6nnen.<\/p>\n\n\n\n<div class=\"wp-block-columns has-2-columns is-layout-flex wp-container-core-columns-is-layout-9d6595d7 wp-block-columns-is-layout-flex\">\n<div class=\"wp-block-column is-layout-flow wp-block-column-is-layout-flow\">\n<p><\/p>\n<\/div>\n\n\n\n<div class=\"wp-block-column is-layout-flow wp-block-column-is-layout-flow\"><!-- imagelinks begin -->\n<div id=\"imgl-1-m3rs9\" class=\"imgl-map imgl-map-1 \"data-json-src=\"http:\/\/ingenieurbuero-kurock.de\/wp-content\/uploads\/imagelinks\/1\/config.json?ver=1551219611\" data-item-id=\"1\" style=\"display:none;\" >\n<div class=\"imgl-store\">\n<div class=\"imgl-pin imgl-pin-1\" data-id=\"1\">\n<div class=\"imgl-pin-data\">\n<\/div>\n<\/div>\n<div class=\"imgl-pin imgl-pin-2\" data-id=\"2\">\n<div class=\"imgl-pin-data\">\n<\/div>\n<\/div>\n<div class=\"imgl-pin imgl-pin-3\" data-id=\"3\">\n<div class=\"imgl-pin-data\">\n<\/div>\n<\/div>\n<div class=\"imgl-pin imgl-pin-4\" data-id=\"4\">\n<div class=\"imgl-pin-data\">\n<\/div>\n<\/div>\n<div class=\"imgl-tt imgl-tt-1\" data-id=\"1\" >\n<\/div>\n<div class=\"imgl-tt imgl-tt-2\" data-id=\"2\" >\n<\/div>\n<div class=\"imgl-tt imgl-tt-3\" data-id=\"3\" >\n<\/div>\n<div class=\"imgl-tt imgl-tt-4\" data-id=\"4\" >\n<\/div>\n<\/div>\n<\/div>\n<!-- imagelinks end -->\n\n<\/div>\n<\/div>\n\n\n<a href=\"http:\/\/ingenieurbuero-kurock.de\/?page_id=130\" id=\"thinkupshortcodesbutton1\" class=\"button style1 grey small standard\"> Zur\u00fcck <i class=\"fa fa-angle-double-left\"><\/i><\/a>\n","protected":false},"excerpt":{"rendered":"<p>Gutachten Wir stehen Ihnen als Sachverst\u00e4ndiger zur Verf\u00fcgung. Bei fachlichen Differenzen und Auseinandersetzungen nach erbrachter Bauleistung oder entstandenen Baum\u00e4ngeln stehen wir Ihnen mit hohem Sachverstand zur Verf\u00fcgung um Ihnen unparteiisch und objektiv die Fakten aufzuzeigen, die Sie ben\u00f6tigen, um sich ein Urteil \u00fcber Chancen und Risiken einer Auseinandersetzung zu erlauben und wichtige Entscheidungen zu m\u00f6glichen<\/p>\n<p class=\"more-link\"><a href=\"http:\/\/ingenieurbuero-kurock.de\/?page_id=151\" class=\"themebutton\">Read More<\/a><\/p>\n","protected":false},"author":2,"featured_media":0,"parent":130,"menu_order":0,"comment_status":"closed","ping_status":"closed","template":"","meta":{"_vp_format_video_url":"","_vp_image_focal_point":[],"footnotes":""},"categories":[],"tags":[],"class_list":["post-151","page","type-page","status-publish","hentry"],"_links":{"self":[{"href":"http:\/\/ingenieurbuero-kurock.de\/index.php?rest_route=\/wp\/v2\/pages\/151","targetHints":{"allow":["GET"]}}],"collection":[{"href":"http:\/\/ingenieurbuero-kurock.de\/index.php?rest_route=\/wp\/v2\/pages"}],"about":[{"href":"http:\/\/ingenieurbuero-kurock.de\/index.php?rest_route=\/wp\/v2\/types\/page"}],"author":[{"embeddable":true,"href":"http:\/\/ingenieurbuero-kurock.de\/index.php?rest_route=\/wp\/v2\/users\/2"}],"replies":[{"embeddable":true,"href":"http:\/\/ingenieurbuero-kurock.de\/index.php?rest_route=%2Fwp%2Fv2%2Fcomments&post=151"}],"version-history":[{"count":5,"href":"http:\/\/ingenieurbuero-kurock.de\/index.php?rest_route=\/wp\/v2\/pages\/151\/revisions"}],"predecessor-version":[{"id":253,"href":"http:\/\/ingenieurbuero-kurock.de\/index.php?rest_route=\/wp\/v2\/pages\/151\/revisions\/253"}],"up":[{"embeddable":true,"href":"http:\/\/ingenieurbuero-kurock.de\/index.php?rest_route=\/wp\/v2\/pages\/130"}],"wp:attachment":[{"href":"http:\/\/ingenieurbuero-kurock.de\/index.php?rest_route=%2Fwp%2Fv2%2Fmedia&parent=151"}],"wp:term":[{"taxonomy":"category","embeddable":true,"href":"http:\/\/ingenieurbuero-kurock.de\/index.php?rest_route=%2Fwp%2Fv2%2Fcategories&post=151"},{"taxonomy":"post_tag","embeddable":true,"href":"http:\/\/ingenieurbuero-kurock.de\/index.php?rest_route=%2Fwp%2Fv2%2Ftags&post=151"}],"curies":[{"name":"wp","href":"https:\/\/api.w.org\/{rel}","templated":true}]}}