{"id":149,"date":"2019-02-20T19:38:30","date_gmt":"2019-02-20T19:38:30","guid":{"rendered":"http:\/\/ingenieurbuero-kurock.de\/?page_id=149"},"modified":"2019-02-26T22:23:21","modified_gmt":"2019-02-26T22:23:21","slug":"bauberatung","status":"publish","type":"page","link":"http:\/\/ingenieurbuero-kurock.de\/?page_id=149","title":{"rendered":"Bauberatung"},"content":{"rendered":"\n<h1 class=\"wp-block-heading\">Bauberatung<\/h1>\n\n\n\n<p><strong>Bauen ist keine Massenproduktion. Jedes Projekt ist eine Einzelanfertigung.<\/strong>\n<\/p>\n\n\n\n<p>Wir beraten Sie in allen Belangen des Kanal- und \nStra\u00dfenbaus. Ob es um Elemente der Planung geht, modernen und \nanspruchsvollen Bautechniken, Fragen zur Bauabwicklung oder entstandenen\n Bausch\u00e4den und Baum\u00e4ngeln.\n<\/p>\n\n\n\n<p>Ihren Beratungsbedarf analysieren wir im intensiven \nFachgespr\u00e4ch mit Ihnen und formulieren die konkrete Aufgabenstellung. \nWir nehmen Ihnen das Recherchieren und Analysieren ab und erarbeiten f\u00fcr\n Sie eine ma\u00dfgeschneiderte L\u00f6sung. \u00dcber das Ergebnis erhalten Sie von \nuns einen schriftlichen Bericht. \n<\/p>\n\n\n\n<p>Bei Sch\u00e4den oder M\u00e4ngeln machen wir uns vor Ort einen Eindruck.\n Anschlie\u00dfend analysieren wir gewissenhaft und professionell, \nerforderlichenfalls mit Unterst\u00fctzung labortechnischer Untersuchungen, \ndie Ursache der Schadensentstehung. Erst wenn die Ursachen detailliert \nbekannt sind, erarbeiten wir ein Sanierungskonzept. Die \nKosteneinsch\u00e4tzung f\u00fcr die Sanierung liefern wir gleich mit. Von der \noptimalen Planung \u00fcber die Ausschreibung und Vergabe bis hin zur \nprofessionellen Mangelbeseitigung begleiten wir auch diese Arbeiten.<\/p>\n\n\n\n<ul class=\"wp-block-list\"><li>Kanalsanierung<\/li><li> Sanierung besch\u00e4digter Oberfl\u00e4chen in Asphalt-, Beton- und Pflasterbauweisen<\/li><\/ul>\n\n\n\n<div class=\"wp-block-columns has-2-columns is-layout-flex wp-container-core-columns-is-layout-9d6595d7 wp-block-columns-is-layout-flex\">\n<div class=\"wp-block-column is-layout-flow wp-block-column-is-layout-flow\"><\/div>\n\n\n\n<div class=\"wp-block-column is-layout-flow wp-block-column-is-layout-flow\"><!-- imagelinks begin -->\n<div id=\"imgl-1-g2ohe\" class=\"imgl-map imgl-map-1 \"data-json-src=\"http:\/\/ingenieurbuero-kurock.de\/wp-content\/uploads\/imagelinks\/1\/config.json?ver=1551219611\" data-item-id=\"1\" style=\"display:none;\" >\n<div class=\"imgl-store\">\n<div class=\"imgl-pin imgl-pin-1\" data-id=\"1\">\n<div class=\"imgl-pin-data\">\n<\/div>\n<\/div>\n<div class=\"imgl-pin imgl-pin-2\" data-id=\"2\">\n<div class=\"imgl-pin-data\">\n<\/div>\n<\/div>\n<div class=\"imgl-pin imgl-pin-3\" data-id=\"3\">\n<div class=\"imgl-pin-data\">\n<\/div>\n<\/div>\n<div class=\"imgl-pin imgl-pin-4\" data-id=\"4\">\n<div class=\"imgl-pin-data\">\n<\/div>\n<\/div>\n<div class=\"imgl-tt imgl-tt-1\" data-id=\"1\" >\n<\/div>\n<div class=\"imgl-tt imgl-tt-2\" data-id=\"2\" >\n<\/div>\n<div class=\"imgl-tt imgl-tt-3\" data-id=\"3\" >\n<\/div>\n<div class=\"imgl-tt imgl-tt-4\" data-id=\"4\" >\n<\/div>\n<\/div>\n<\/div>\n<!-- imagelinks end -->\n\n<\/div>\n<\/div>\n\n\n<a href=\"http:\/\/ingenieurbuero-kurock.de\/?page_id=130\" id=\"thinkupshortcodesbutton1\" class=\"button style1 grey small standard\"> Zur\u00fcck <i class=\"fa fa-angle-double-left\"><\/i><\/a>\n","protected":false},"excerpt":{"rendered":"<p>Bauberatung Bauen ist keine Massenproduktion. Jedes Projekt ist eine Einzelanfertigung. Wir beraten Sie in allen Belangen des Kanal- und Stra\u00dfenbaus. Ob es um Elemente der Planung geht, modernen und anspruchsvollen Bautechniken, Fragen zur Bauabwicklung oder entstandenen Bausch\u00e4den und Baum\u00e4ngeln. Ihren Beratungsbedarf analysieren wir im intensiven Fachgespr\u00e4ch mit Ihnen und formulieren die konkrete Aufgabenstellung. Wir nehmen<\/p>\n<p class=\"more-link\"><a href=\"http:\/\/ingenieurbuero-kurock.de\/?page_id=149\" class=\"themebutton\">Read More<\/a><\/p>\n","protected":false},"author":2,"featured_media":0,"parent":130,"menu_order":0,"comment_status":"closed","ping_status":"closed","template":"","meta":{"_vp_format_video_url":"","_vp_image_focal_point":[],"footnotes":""},"categories":[],"tags":[],"class_list":["post-149","page","type-page","status-publish","hentry"],"_links":{"self":[{"href":"http:\/\/ingenieurbuero-kurock.de\/index.php?rest_route=\/wp\/v2\/pages\/149","targetHints":{"allow":["GET"]}}],"collection":[{"href":"http:\/\/ingenieurbuero-kurock.de\/index.php?rest_route=\/wp\/v2\/pages"}],"about":[{"href":"http:\/\/ingenieurbuero-kurock.de\/index.php?rest_route=\/wp\/v2\/types\/page"}],"author":[{"embeddable":true,"href":"http:\/\/ingenieurbuero-kurock.de\/index.php?rest_route=\/wp\/v2\/users\/2"}],"replies":[{"embeddable":true,"href":"http:\/\/ingenieurbuero-kurock.de\/index.php?rest_route=%2Fwp%2Fv2%2Fcomments&post=149"}],"version-history":[{"count":10,"href":"http:\/\/ingenieurbuero-kurock.de\/index.php?rest_route=\/wp\/v2\/pages\/149\/revisions"}],"predecessor-version":[{"id":246,"href":"http:\/\/ingenieurbuero-kurock.de\/index.php?rest_route=\/wp\/v2\/pages\/149\/revisions\/246"}],"up":[{"embeddable":true,"href":"http:\/\/ingenieurbuero-kurock.de\/index.php?rest_route=\/wp\/v2\/pages\/130"}],"wp:attachment":[{"href":"http:\/\/ingenieurbuero-kurock.de\/index.php?rest_route=%2Fwp%2Fv2%2Fmedia&parent=149"}],"wp:term":[{"taxonomy":"category","embeddable":true,"href":"http:\/\/ingenieurbuero-kurock.de\/index.php?rest_route=%2Fwp%2Fv2%2Fcategories&post=149"},{"taxonomy":"post_tag","embeddable":true,"href":"http:\/\/ingenieurbuero-kurock.de\/index.php?rest_route=%2Fwp%2Fv2%2Ftags&post=149"}],"curies":[{"name":"wp","href":"https:\/\/api.w.org\/{rel}","templated":true}]}}